{"id":2,"date":"2025-01-14T09:56:28","date_gmt":"2025-01-14T09:56:28","guid":{"rendered":"https:\/\/espirituboomer.es\/?page_id=2"},"modified":"2025-03-24T06:27:58","modified_gmt":"2025-03-24T06:27:58","slug":"sample-page","status":"publish","type":"page","link":"https:\/\/espirituboomer.es\/?page_id=2","title":{"rendered":"El Programa"},"content":{"rendered":"\n<p><a href=\"https:\/\/www.spreaker.com\/podcast\/espiritu-boomer--6557710\">Escucha \u00abESP\u00cdRITU BOOMER\u00bb en Spreaker.<\/a><\/p>\n\n\n\n<p class=\"has-contrast-color has-text-color has-link-color wp-elements-04dba11905a8f48113f0d2ac81654d41\"><em>\u00a1Bienvenidos a <strong>Esp\u00edritu Boomer<\/strong>!<\/em><\/p>\n\n\n\n<p class=\"has-contrast-color has-text-color has-link-color wp-elements-7db2e7d31be50a18b462dbc7f071a084\"><em>En un mundo en constante cambio, es fundamental recordar y celebrar las experiencias que han dado forma a nuestra sociedad. En <strong>Esp\u00edritu Boomer<\/strong>, nos dedicamos a honrar la rica cultura y los maravillosos recuerdos de la generaci\u00f3n boomer a trav\u00e9s de nuestro emocionante programa de podcast. <\/em><\/p>\n\n\n\n<p class=\"has-contrast-color has-text-color has-link-color wp-elements-294ffe10929d21a56029ebba3c3f5e73\"><em>Nuestra misi\u00f3n es brindar un espacio donde las voces de los boomers resuenen, compartiendo historias inspiradoras, aventuras inolvidables y momentos que han marcado la historia.<\/em><\/p>\n\n\n\n<p class=\"has-contrast-color has-text-color has-link-color wp-elements-f299341c844d428683a820d7c2e22186\">\ud83c\udf99\ufe0f <em>El programa lo formamos tres perfectos Boomers: Goyo Prados, Alicia Escribano y Elena Batista.  Juntos, crean un ambiente alegre, divertido y entretenido ideal para compartir y conectarse.<\/em><\/p>\n\n\n\n<p class=\"has-contrast-color has-text-color has-link-color wp-elements-8baca544652bca8337d5e44cdb787530\">\ud83c\udf1f <em>En <strong>Esp\u00edritu Boomer<\/strong>, conocer\u00e9is a aquellos que han dejado huella en diversos campos, desde la m\u00fasica hasta en los negocios. Escucha sus relatos y descubre las lecciones aprendidas en d\u00e9cadas de pasi\u00f3n y dedicaci\u00f3n.<\/em><\/p>\n\n\n\n<p class=\"has-contrast-color has-text-color has-link-color wp-elements-de764b24bbd183646e48b7d190d2739c\">\ud83c\udf0d <em>Recorrer\u00e1s con nosotros los destinos m\u00e1s emocionantes y accesibles, dise\u00f1ados para sacarle el m\u00e1ximo provecho a cada viaje. Ya sea que busques tranquilidad en la naturaleza o la energ\u00eda de una nueva ciudad, tenemos las rutas perfectas para ti.<\/em><\/p>\n\n\n\n<p class=\"has-contrast-color has-text-color has-link-color wp-elements-b6b28e3e0d885a080b7e1ba6c299b4be\">\ud83c\udfb6 <em>No olvidamos algo muy importante, el revivir los grandes \u00e9xitos que son bandas sonoras de toda una vida. Sum\u00e9rgete en los acordes que marcaron tu juventud y permite que la nostalgia te envuelva mientras disfrutamos juntos de los temas que nunca pasan de moda.<\/em><\/p>\n\n\n\n<p class=\"has-contrast-color has-text-color has-link-color wp-elements-829dbe01979529f5411555b239b8f816\">\ud83c\udfac <em>La cultura tambi\u00e9n forma parte de <strong>Esp\u00edritu Boomer<\/strong>, viajar\u00e1s al s\u00e9ptimo arte que defini\u00f3 generaciones. Explorar cl\u00e1sicos cinematogr\u00e1ficos y series televisivas, analizando sus tramas e impactos, mientras compartimos an\u00e9cdotas que te har\u00e1n sonre\u00edr.<\/em><\/p>\n\n\n\n<p class=\"has-contrast-color has-text-color has-link-color wp-elements-6639c5afda5e907a5453260c40c301bf\">\ud83d\udcaa <em>Disfruta de consejos \u00fatiles y pr\u00e1cticos para vivir una vida plena y activa en esta etapa dorada. Desde el bienestar emocional hasta la actividad f\u00edsica, promovemos un estilo de vida saludable y equilibrado<\/em>.<\/p>\n\n\n\n<p class=\"has-contrast-color has-text-color has-link-color wp-elements-156edbb6ea61a8ca057da12070b7b3b3\">\ud83d\udde3\ufe0f <em>Comparte con nosotros esos momentos inolvidables que nos hicieron quienes somos. Las tertulias vibrantes y las historias del ayer fomentan una conexi\u00f3n especial entre nuestra comunidad.<\/em><\/p>\n\n\n\n<p class=\"has-contrast-color has-text-color has-link-color wp-elements-eecb1a1d87287ffca24c6b2ae32b96c9\"><em>\u00a1No te pierdas ning\u00fan programa! Estamos disponibles en todas las plataformas digitales para que puedas escucharnos en cualquier momento y lugar. No olvides suscribirte y unirte a nuestra comunidad de <strong>Esp\u00edritu Boomer<\/strong>.<\/em>&nbsp;<\/p>\n\n\n\n<p class=\"has-contrast-color has-text-color has-link-color wp-elements-ec768674587474f5a0d38a1ba1fa172d\"><em>\u00a1Explora, recuerda y celebra con nosotros! Tu historia, merece ser contada.<\/em> <\/p>\n\n\n\n<blockquote class=\"wp-block-quote is-layout-flow wp-block-quote-is-layout-flow\">\n<p class=\"has-contrast-color has-text-color has-link-color wp-elements-9cde67b1e0b4aa121bcf9c37e43d4bc1\"><em><strong>Esp\u00edritu Boomer<\/strong>: Reviviendo la nostalgia, celebrando la sabidur\u00eda.<\/em><\/p>\n\n\n\n<p><\/p>\n<\/blockquote>\n","protected":false},"excerpt":{"rendered":"<p>Escucha \u00abESP\u00cdRITU BOOMER\u00bb en Spreaker. \u00a1Bienvenidos a Esp\u00edritu Boomer! En un mundo en constante cambio, es fundamental recordar y celebrar las experiencias que han dado forma a nuestra sociedad. En Esp\u00edritu Boomer, nos dedicamos a honrar la rica cultura y los maravillosos recuerdos de la generaci\u00f3n boomer a trav\u00e9s de nuestro emocionante programa de podcast. [&hellip;]<\/p>\n","protected":false},"author":1,"featured_media":71,"parent":0,"menu_order":0,"comment_status":"closed","ping_status":"open","template":"","meta":{"footnotes":""},"class_list":["post-2","page","type-page","status-publish","has-post-thumbnail","hentry"],"_links":{"self":[{"href":"https:\/\/espirituboomer.es\/index.php?rest_route=\/wp\/v2\/pages\/2","targetHints":{"allow":["GET"]}}],"collection":[{"href":"https:\/\/espirituboomer.es\/index.php?rest_route=\/wp\/v2\/pages"}],"about":[{"href":"https:\/\/espirituboomer.es\/index.php?rest_route=\/wp\/v2\/types\/page"}],"author":[{"embeddable":true,"href":"https:\/\/espirituboomer.es\/index.php?rest_route=\/wp\/v2\/users\/1"}],"replies":[{"embeddable":true,"href":"https:\/\/espirituboomer.es\/index.php?rest_route=%2Fwp%2Fv2%2Fcomments&post=2"}],"version-history":[{"count":12,"href":"https:\/\/espirituboomer.es\/index.php?rest_route=\/wp\/v2\/pages\/2\/revisions"}],"predecessor-version":[{"id":175,"href":"https:\/\/espirituboomer.es\/index.php?rest_route=\/wp\/v2\/pages\/2\/revisions\/175"}],"wp:featuredmedia":[{"embeddable":true,"href":"https:\/\/espirituboomer.es\/index.php?rest_route=\/wp\/v2\/media\/71"}],"wp:attachment":[{"href":"https:\/\/espirituboomer.es\/index.php?rest_route=%2Fwp%2Fv2%2Fmedia&parent=2"}],"curies":[{"name":"wp","href":"https:\/\/api.w.org\/{rel}","templated":true}]}}