{"id":18,"date":"2025-01-14T11:22:05","date_gmt":"2025-01-14T11:22:05","guid":{"rendered":"https:\/\/espirituboomer.es\/?page_id=18"},"modified":"2025-02-18T11:03:44","modified_gmt":"2025-02-18T11:03:44","slug":"publicidad","status":"publish","type":"page","link":"https:\/\/espirituboomer.es\/?page_id=18","title":{"rendered":"Publicidad"},"content":{"rendered":"\n<div class=\"wp-block-group alignwide has-global-padding is-layout-constrained wp-block-group-is-layout-constrained\">\n<p class=\"has-contrast-color has-text-color has-link-color wp-elements-8296e6ce6b744d38e541acc8f8fa09d6\"><em>\u00bfBuscas una manera aut\u00e9ntica y efectiva de llegar a una audiencia comprometida y apasionada? En <strong>Esp\u00edritu Boomer<\/strong>, no solo celebramos y compartimos las experiencias de la generaci\u00f3n boomer, sino que tambi\u00e9n ofrecemos una plataforma ideal para que tu empresa se conecte con un p\u00fablico vibrante y en\u00e9rgico.<\/em><\/p>\n\n\n\n<p class=\"has-contrast-color has-text-color has-link-color wp-elements-e6d267299824d7e6ef8c223c1cc281e0\"><em>A trav\u00e9s de nuestro podcast, alcanzamos a oyentes que valoran la calidad y la autenticidad. <strong>Nuestra comunidad est\u00e1 formada por boomers<\/strong> que buscan productos y servicios que se alineen con su estilo de vida, sus intereses y su bienestar. Publicitarte con nosotros te brinda la oportunidad de llegar a este valioso mercado de una manera significativa y memorable.<\/em><\/p>\n\n\n\n<p class=\"has-contrast-color has-text-color has-link-color wp-elements-ffe8f022016803628f51eae975b94ea6\">\ud83d\udd0a <em><strong>Publicidad a tu Medida<\/strong>: Ofrecemos diferentes opciones de publicidad adaptadas a tus necesidades y a las de tu empresa. Ya sea a trav\u00e9s de menciones en nuestros episodios, anuncios creativos o colaboraciones especiales, estamos listos para trabajar contigo y encontrar la estrategia perfecta.<\/em><\/p>\n\n\n\n<p class=\"has-contrast-color has-text-color has-link-color wp-elements-fd3d14235149f68816daf38872b204af\">\ud83d\udcbc <em><strong>Contacta con Nosotros:<\/strong> Para descubrir las tarifas y las oportunidades de publicitarte en Esp\u00edritu Boomer, no dudes en ponerte en contacto con nosotros. Estamos aqu\u00ed para brindarte toda la informaci\u00f3n que necesitas y ayudarte a aprovechar al m\u00e1ximo esta oportunidad de visibilidad.<\/em><\/p>\n\n\n\n<p class=\"has-contrast-color has-text-color has-link-color wp-elements-30b3b4b4a31932006fdf1ada02edf77b\"><em>Crecemos juntos, creando un sentido de comunidad y conexi\u00f3n que beneficia tanto a nuestros oyentes como a tu marca. \u00a1\u00danete a nosotros en esta emocionante aventura y haz que tu mensaje resuene en las corazones de los boomers!<\/em><\/p>\n\n\n\n<p class=\"has-contrast-color has-text-color has-link-color wp-elements-c91f25c004d8b194c9739586dc0f01e9\"><em>Esperamos saber de ti pronto. \u00a1<strong>Esp\u00edritu Boomer<\/strong> est\u00e1 listo para llevar tu mensaje a las ondas!<\/em><\/p>\n<\/div>\n\n\n\n<h2 class=\"wp-block-heading\">Empresas con Esp\u00edritu Boomer:<\/h2>\n\n\n\n<figure class=\"wp-block-gallery has-nested-images columns-default is-cropped wp-block-gallery-1 is-layout-flex wp-block-gallery-is-layout-flex\">\n<figure class=\"wp-block-image size-large\"><img loading=\"lazy\" decoding=\"async\" width=\"455\" height=\"131\" data-id=\"96\" src=\"https:\/\/espirituboomer.es\/wp-content\/uploads\/2025\/02\/logobea3.png\" alt=\"\" class=\"wp-image-96\" srcset=\"https:\/\/espirituboomer.es\/wp-content\/uploads\/2025\/02\/logobea3.png 455w, https:\/\/espirituboomer.es\/wp-content\/uploads\/2025\/02\/logobea3-300x86.png 300w\" sizes=\"auto, (max-width: 455px) 100vw, 455px\" \/><\/figure>\n<\/figure>\n\n\n\n<p><\/p>\n","protected":false},"excerpt":{"rendered":"<p>\u00bfBuscas una manera aut\u00e9ntica y efectiva de llegar a una audiencia comprometida y apasionada? En Esp\u00edritu Boomer, no solo celebramos y compartimos las experiencias de la generaci\u00f3n boomer, sino que tambi\u00e9n ofrecemos una plataforma ideal para que tu empresa se conecte con un p\u00fablico vibrante y en\u00e9rgico. A trav\u00e9s de nuestro podcast, alcanzamos a oyentes [&hellip;]<\/p>\n","protected":false},"author":1,"featured_media":67,"parent":0,"menu_order":3,"comment_status":"closed","ping_status":"closed","template":"","meta":{"footnotes":""},"class_list":["post-18","page","type-page","status-publish","has-post-thumbnail","hentry"],"_links":{"self":[{"href":"https:\/\/espirituboomer.es\/index.php?rest_route=\/wp\/v2\/pages\/18","targetHints":{"allow":["GET"]}}],"collection":[{"href":"https:\/\/espirituboomer.es\/index.php?rest_route=\/wp\/v2\/pages"}],"about":[{"href":"https:\/\/espirituboomer.es\/index.php?rest_route=\/wp\/v2\/types\/page"}],"author":[{"embeddable":true,"href":"https:\/\/espirituboomer.es\/index.php?rest_route=\/wp\/v2\/users\/1"}],"replies":[{"embeddable":true,"href":"https:\/\/espirituboomer.es\/index.php?rest_route=%2Fwp%2Fv2%2Fcomments&post=18"}],"version-history":[{"count":5,"href":"https:\/\/espirituboomer.es\/index.php?rest_route=\/wp\/v2\/pages\/18\/revisions"}],"predecessor-version":[{"id":119,"href":"https:\/\/espirituboomer.es\/index.php?rest_route=\/wp\/v2\/pages\/18\/revisions\/119"}],"wp:featuredmedia":[{"embeddable":true,"href":"https:\/\/espirituboomer.es\/index.php?rest_route=\/wp\/v2\/media\/67"}],"wp:attachment":[{"href":"https:\/\/espirituboomer.es\/index.php?rest_route=%2Fwp%2Fv2%2Fmedia&parent=18"}],"curies":[{"name":"wp","href":"https:\/\/api.w.org\/{rel}","templated":true}]}}