{"id":13,"date":"2025-01-14T11:19:39","date_gmt":"2025-01-14T11:19:39","guid":{"rendered":"https:\/\/espirituboomer.es\/?page_id=13"},"modified":"2025-03-02T06:31:38","modified_gmt":"2025-03-02T06:31:38","slug":"los-boomers","status":"publish","type":"page","link":"https:\/\/espirituboomer.es\/?page_id=13","title":{"rendered":"El Equipo"},"content":{"rendered":"\n<div class=\"wp-block-media-text is-stacked-on-mobile\" style=\"grid-template-columns:31% auto\"><figure class=\"wp-block-media-text__media\"><img loading=\"lazy\" decoding=\"async\" width=\"1280\" height=\"854\" src=\"https:\/\/espirituboomer.es\/wp-content\/uploads\/2025\/02\/ForeverYoung-16.jpg\" alt=\"\" class=\"wp-image-83 size-full\" srcset=\"https:\/\/espirituboomer.es\/wp-content\/uploads\/2025\/02\/ForeverYoung-16.jpg 1280w, https:\/\/espirituboomer.es\/wp-content\/uploads\/2025\/02\/ForeverYoung-16-300x200.jpg 300w, https:\/\/espirituboomer.es\/wp-content\/uploads\/2025\/02\/ForeverYoung-16-1024x683.jpg 1024w, https:\/\/espirituboomer.es\/wp-content\/uploads\/2025\/02\/ForeverYoung-16-768x512.jpg 768w\" sizes=\"auto, (max-width: 1280px) 100vw, 1280px\" \/><\/figure><div class=\"wp-block-media-text__content\">\n<p><em><strong>Goyo Prados<\/strong> como periodista, ha trabajado en diversos medios de comunicaci\u00f3n, tanto en prensa escrita como en televisi\u00f3n y radio. Es conocido por su enfoque en temas de actualidad, pol\u00edtica y cultura, a trav\u00e9s de una narrativa atractiva y adem\u00e1s es el m\u00e1s boomer de los tres.<\/em><\/p>\n\n\n\n<p><em>Su amplia trayectoria profesional en radio y televisi\u00f3n ha sido en programas estrella de emisoras como <strong>Radio Nacional de Espa\u00f1a-Radio 4, Televisi\u00f3n Espa\u00f1ola-TV2 y Onda Cero &#8211; Onda Rambla<\/strong>, adem\u00e1s de liderar diferentes medios de comunicaci\u00f3n.<\/em><\/p>\n\n\n\n<p><em>Durante 11 a\u00f1os ,y en la actualidad, ha sido el presentador de los <strong>Premios Alegr\u00eda<\/strong> organizados por la <strong>artista Lucrecia<\/strong>.<\/em><\/p>\n\n\n\n<p><em>Adem\u00e1s, se ha dedicado a la formaci\u00f3n en Comunicaci\u00f3n y Liderazgo para la reputaci\u00f3n de la marca personal y empresarial<\/em>.<\/p>\n<\/div><\/div>\n\n\n\n<div class=\"wp-block-media-text has-media-on-the-right is-stacked-on-mobile\" style=\"grid-template-columns:auto 29%\"><div class=\"wp-block-media-text__content\">\n<p><em><strong>Elena Batista<\/strong> se ha forjado en los medios de comunicaci\u00f3n como comunicadora y productora de contenidos, programas de radio, programas televisivos y podcast, donde ha podido expresar su pasi\u00f3n por transmitir con naturalidad el entretenimiento.<\/em><\/p>\n\n\n\n<p><em>Desde hace 6 temporadas y con m\u00e1s de 800 programas, dirige y presenta el <strong>magazine televisivo \u00abSense Control\u00bb<\/strong> que ha ganado un espacio significativo en la audiencia para la cadena <strong>Canal 4 TV<\/strong>. A la vez, dirige y produce diferentes programas de podcast como son <strong>\u00abSanando el Coco\u00bb<\/strong>,<strong> \u00ab3 Generaciones\u00bb \u00abArte Eterno y sus Misterios \u00ab<\/strong>, y otros programas , los cuales han conseguido buenas posiciones de rankings a nivel nacional, lo que le ha permitido explorar nuevas narrativas y contar con el p\u00fablico de manera diferente.<\/em><\/p>\n<\/div><figure class=\"wp-block-media-text__media\"><img loading=\"lazy\" decoding=\"async\" width=\"1024\" height=\"683\" src=\"https:\/\/espirituboomer.es\/wp-content\/uploads\/2025\/02\/ForeverYoung-13-1024x683.jpg\" alt=\"\" class=\"wp-image-85 size-full\" srcset=\"https:\/\/espirituboomer.es\/wp-content\/uploads\/2025\/02\/ForeverYoung-13-1024x683.jpg 1024w, https:\/\/espirituboomer.es\/wp-content\/uploads\/2025\/02\/ForeverYoung-13-300x200.jpg 300w, https:\/\/espirituboomer.es\/wp-content\/uploads\/2025\/02\/ForeverYoung-13-768x512.jpg 768w, https:\/\/espirituboomer.es\/wp-content\/uploads\/2025\/02\/ForeverYoung-13.jpg 1280w\" sizes=\"auto, (max-width: 1024px) 100vw, 1024px\" \/><\/figure><\/div>\n\n\n\n<div class=\"wp-block-media-text is-stacked-on-mobile\" style=\"grid-template-columns:31% auto\"><figure class=\"wp-block-media-text__media\"><img loading=\"lazy\" decoding=\"async\" width=\"1024\" height=\"683\" src=\"https:\/\/espirituboomer.es\/wp-content\/uploads\/2025\/02\/ForeverYoung-28-1024x683.jpg\" alt=\"\" class=\"wp-image-86 size-full\" srcset=\"https:\/\/espirituboomer.es\/wp-content\/uploads\/2025\/02\/ForeverYoung-28-1024x683.jpg 1024w, https:\/\/espirituboomer.es\/wp-content\/uploads\/2025\/02\/ForeverYoung-28-300x200.jpg 300w, https:\/\/espirituboomer.es\/wp-content\/uploads\/2025\/02\/ForeverYoung-28-768x512.jpg 768w, https:\/\/espirituboomer.es\/wp-content\/uploads\/2025\/02\/ForeverYoung-28.jpg 1280w\" sizes=\"auto, (max-width: 1024px) 100vw, 1024px\" \/><\/figure><div class=\"wp-block-media-text__content\">\n<p><em><strong>Al\u00edcia Escribano<\/strong> desde los 17 a\u00f1os ha estado vinculada al mundo de la radio y la televisi\u00f3n, gran comunicadora en diferentes medios y programas audiovisuales.<\/em><\/p>\n\n\n\n<p><em>En la cadena televisiva <strong>25TV<\/strong> se puso al frente de multitud de formatos televisivos informativos, magazines, concursos, debates, entrevistas&#8230; Ha colaborado con un espacio de turismo en <strong>Radio Nacional de Espa\u00f1a-RNE4<\/strong>, ha presentado durante muchos a\u00f1os los cert\u00e1menes de <strong>Miss World Catalu\u00f1a<\/strong>.<\/em><\/p>\n\n\n\n<p><em>Desde el a\u00f1o 2008, dirige y presenta el programa televisivo<strong> Barcelonautas <\/strong>emiti\u00e9ndoselos en la actualidad en la cadena <strong>Canal 4 TV<\/strong>. Sus grandes pasiones son viajar y el trato con profesionales que ofrecen servicios de ocio y gastronom\u00eda.<\/em><\/p>\n\n\n\n<p><em>Al\u00edcia adem\u00e1s colabora en el programa televisivo <strong>\u00abSense Control\u00bb<\/strong>, tambi\u00e9n tiene un espacio en la emisora de radio <strong>Onda Cero<\/strong>, as\u00ed como en otros medios de comunicaci\u00f3n.<\/em><\/p>\n<\/div><\/div>\n\n\n\n<div class=\"wp-block-group alignfull has-global-padding is-layout-constrained wp-container-core-group-is-layout-669513ed wp-block-group-is-layout-constrained\" style=\"margin-top:0;margin-bottom:0;padding-top:var(--wp--preset--spacing--50);padding-right:var(--wp--preset--spacing--50);padding-bottom:var(--wp--preset--spacing--50);padding-left:var(--wp--preset--spacing--50)\"><\/div>\n\n\n\n<p><\/p>\n","protected":false},"excerpt":{"rendered":"<p>Goyo Prados como periodista, ha trabajado en diversos medios de comunicaci\u00f3n, tanto en prensa escrita como en televisi\u00f3n y radio. Es conocido por su enfoque en temas de actualidad, pol\u00edtica y cultura, a trav\u00e9s de una narrativa atractiva y adem\u00e1s es el m\u00e1s boomer de los tres. Su amplia trayectoria profesional en radio y televisi\u00f3n [&hellip;]<\/p>\n","protected":false},"author":1,"featured_media":65,"parent":0,"menu_order":2,"comment_status":"closed","ping_status":"closed","template":"","meta":{"footnotes":""},"class_list":["post-13","page","type-page","status-publish","has-post-thumbnail","hentry"],"_links":{"self":[{"href":"https:\/\/espirituboomer.es\/index.php?rest_route=\/wp\/v2\/pages\/13","targetHints":{"allow":["GET"]}}],"collection":[{"href":"https:\/\/espirituboomer.es\/index.php?rest_route=\/wp\/v2\/pages"}],"about":[{"href":"https:\/\/espirituboomer.es\/index.php?rest_route=\/wp\/v2\/types\/page"}],"author":[{"embeddable":true,"href":"https:\/\/espirituboomer.es\/index.php?rest_route=\/wp\/v2\/users\/1"}],"replies":[{"embeddable":true,"href":"https:\/\/espirituboomer.es\/index.php?rest_route=%2Fwp%2Fv2%2Fcomments&post=13"}],"version-history":[{"count":14,"href":"https:\/\/espirituboomer.es\/index.php?rest_route=\/wp\/v2\/pages\/13\/revisions"}],"predecessor-version":[{"id":131,"href":"https:\/\/espirituboomer.es\/index.php?rest_route=\/wp\/v2\/pages\/13\/revisions\/131"}],"wp:featuredmedia":[{"embeddable":true,"href":"https:\/\/espirituboomer.es\/index.php?rest_route=\/wp\/v2\/media\/65"}],"wp:attachment":[{"href":"https:\/\/espirituboomer.es\/index.php?rest_route=%2Fwp%2Fv2%2Fmedia&parent=13"}],"curies":[{"name":"wp","href":"https:\/\/api.w.org\/{rel}","templated":true}]}}