{"id":122,"date":"2025-03-02T06:29:42","date_gmt":"2025-03-02T06:29:42","guid":{"rendered":"https:\/\/espirituboomer.es\/?page_id=122"},"modified":"2025-03-16T06:02:03","modified_gmt":"2025-03-16T06:02:03","slug":"los-colaboradores","status":"publish","type":"page","link":"https:\/\/espirituboomer.es\/?page_id=122","title":{"rendered":"Los Colaboradores"},"content":{"rendered":"\n<div class=\"wp-block-group alignfull has-global-padding is-layout-constrained wp-container-core-group-is-layout-b25ccd55 wp-block-group-is-layout-constrained\" style=\"margin-top:0;margin-bottom:0;padding-top:var(--wp--preset--spacing--50);padding-right:var(--wp--preset--spacing--50);padding-bottom:var(--wp--preset--spacing--50);padding-left:var(--wp--preset--spacing--50)\">\n<div class=\"wp-block-media-text is-stacked-on-mobile\" style=\"grid-template-columns:40% auto\"><figure class=\"wp-block-media-text__media\"><img loading=\"lazy\" decoding=\"async\" width=\"1024\" height=\"1024\" src=\"https:\/\/espirituboomer.es\/wp-content\/uploads\/2025\/03\/Copia-de-Post-de-instagram-de-live-invitado-especial-gradiente-morado-5.png-1024x1024.png\" alt=\"\" class=\"wp-image-149 size-full\" srcset=\"https:\/\/espirituboomer.es\/wp-content\/uploads\/2025\/03\/Copia-de-Post-de-instagram-de-live-invitado-especial-gradiente-morado-5.png-1024x1024.png 1024w, https:\/\/espirituboomer.es\/wp-content\/uploads\/2025\/03\/Copia-de-Post-de-instagram-de-live-invitado-especial-gradiente-morado-5.png-300x300.png 300w, https:\/\/espirituboomer.es\/wp-content\/uploads\/2025\/03\/Copia-de-Post-de-instagram-de-live-invitado-especial-gradiente-morado-5.png-150x150.png 150w, https:\/\/espirituboomer.es\/wp-content\/uploads\/2025\/03\/Copia-de-Post-de-instagram-de-live-invitado-especial-gradiente-morado-5.png-768x768.png 768w, https:\/\/espirituboomer.es\/wp-content\/uploads\/2025\/03\/Copia-de-Post-de-instagram-de-live-invitado-especial-gradiente-morado-5.png.png 1080w\" sizes=\"auto, (max-width: 1024px) 100vw, 1024px\" \/><\/figure><div class=\"wp-block-media-text__content\">\n<p><strong>Ramon Vall\u00e8s<\/strong><\/p>\n\n\n\n<p><strong>Secci\u00f3n:<\/strong> Comandante de altos Vuelos \u2708\ufe0f<\/p>\n<\/div><\/div>\n\n\n\n<div class=\"wp-block-media-text is-stacked-on-mobile\" style=\"grid-template-columns:40% auto\"><figure class=\"wp-block-media-text__media\"><img loading=\"lazy\" decoding=\"async\" width=\"1024\" height=\"1024\" src=\"https:\/\/espirituboomer.es\/wp-content\/uploads\/2025\/03\/Copia-de-Post-de-instagram-de-live-invitado-especial-gradiente-morado-4.png-1024x1024.png\" alt=\"\" class=\"wp-image-142 size-full\" srcset=\"https:\/\/espirituboomer.es\/wp-content\/uploads\/2025\/03\/Copia-de-Post-de-instagram-de-live-invitado-especial-gradiente-morado-4.png-1024x1024.png 1024w, https:\/\/espirituboomer.es\/wp-content\/uploads\/2025\/03\/Copia-de-Post-de-instagram-de-live-invitado-especial-gradiente-morado-4.png-300x300.png 300w, https:\/\/espirituboomer.es\/wp-content\/uploads\/2025\/03\/Copia-de-Post-de-instagram-de-live-invitado-especial-gradiente-morado-4.png-150x150.png 150w, https:\/\/espirituboomer.es\/wp-content\/uploads\/2025\/03\/Copia-de-Post-de-instagram-de-live-invitado-especial-gradiente-morado-4.png-768x768.png 768w, https:\/\/espirituboomer.es\/wp-content\/uploads\/2025\/03\/Copia-de-Post-de-instagram-de-live-invitado-especial-gradiente-morado-4.png.png 1080w\" sizes=\"auto, (max-width: 1024px) 100vw, 1024px\" \/><\/figure><div class=\"wp-block-media-text__content\">\n<p><strong>Quique Mac\u00edas<\/strong><\/p>\n\n\n\n<p><strong>Secci\u00f3n:<\/strong> Cualquier tiempo pasado NO fue mejor \ud83d\udcc6<\/p>\n<\/div><\/div>\n\n\n\n<div class=\"wp-block-media-text is-stacked-on-mobile\" style=\"grid-template-columns:40% auto\"><figure class=\"wp-block-media-text__media\"><img loading=\"lazy\" decoding=\"async\" width=\"1024\" height=\"1024\" src=\"https:\/\/espirituboomer.es\/wp-content\/uploads\/2025\/03\/Copia-de-Post-de-instagram-de-live-invitado-especial-gradiente-morado-2.png-1024x1024.png\" alt=\"\" class=\"wp-image-141 size-full\" srcset=\"https:\/\/espirituboomer.es\/wp-content\/uploads\/2025\/03\/Copia-de-Post-de-instagram-de-live-invitado-especial-gradiente-morado-2.png-1024x1024.png 1024w, https:\/\/espirituboomer.es\/wp-content\/uploads\/2025\/03\/Copia-de-Post-de-instagram-de-live-invitado-especial-gradiente-morado-2.png-300x300.png 300w, https:\/\/espirituboomer.es\/wp-content\/uploads\/2025\/03\/Copia-de-Post-de-instagram-de-live-invitado-especial-gradiente-morado-2.png-150x150.png 150w, https:\/\/espirituboomer.es\/wp-content\/uploads\/2025\/03\/Copia-de-Post-de-instagram-de-live-invitado-especial-gradiente-morado-2.png-768x768.png 768w, https:\/\/espirituboomer.es\/wp-content\/uploads\/2025\/03\/Copia-de-Post-de-instagram-de-live-invitado-especial-gradiente-morado-2.png.png 1080w\" sizes=\"auto, (max-width: 1024px) 100vw, 1024px\" \/><\/figure><div class=\"wp-block-media-text__content\">\n<p><strong>Sonia Cervantes<\/strong><\/p>\n\n\n\n<p><strong>Secci\u00f3n:<\/strong> Psicolog\u00eda \ud83e\udde0<\/p>\n<\/div><\/div>\n\n\n\n<div class=\"wp-block-media-text is-stacked-on-mobile\" style=\"grid-template-columns:40% auto\"><figure class=\"wp-block-media-text__media\"><img loading=\"lazy\" decoding=\"async\" width=\"1024\" height=\"1024\" src=\"https:\/\/espirituboomer.es\/wp-content\/uploads\/2025\/03\/Copia-de-Post-de-instagram-de-live-invitado-especial-gradiente-morado-3.png-1024x1024.png\" alt=\"\" class=\"wp-image-144 size-full\" srcset=\"https:\/\/espirituboomer.es\/wp-content\/uploads\/2025\/03\/Copia-de-Post-de-instagram-de-live-invitado-especial-gradiente-morado-3.png-1024x1024.png 1024w, https:\/\/espirituboomer.es\/wp-content\/uploads\/2025\/03\/Copia-de-Post-de-instagram-de-live-invitado-especial-gradiente-morado-3.png-300x300.png 300w, https:\/\/espirituboomer.es\/wp-content\/uploads\/2025\/03\/Copia-de-Post-de-instagram-de-live-invitado-especial-gradiente-morado-3.png-150x150.png 150w, https:\/\/espirituboomer.es\/wp-content\/uploads\/2025\/03\/Copia-de-Post-de-instagram-de-live-invitado-especial-gradiente-morado-3.png-768x768.png 768w, https:\/\/espirituboomer.es\/wp-content\/uploads\/2025\/03\/Copia-de-Post-de-instagram-de-live-invitado-especial-gradiente-morado-3.png.png 1080w\" sizes=\"auto, (max-width: 1024px) 100vw, 1024px\" \/><\/figure><div class=\"wp-block-media-text__content\">\n<p><strong>Javier Trait\u00e9<\/strong><\/p>\n\n\n\n<p><strong>Secci\u00f3n:<\/strong> Historiador \ud83d\udcda<\/p>\n<\/div><\/div>\n\n\n\n<div class=\"wp-block-media-text is-stacked-on-mobile\" style=\"grid-template-columns:40% auto\"><figure class=\"wp-block-media-text__media\"><img loading=\"lazy\" decoding=\"async\" width=\"1024\" height=\"1024\" src=\"https:\/\/espirituboomer.es\/wp-content\/uploads\/2025\/03\/Copia-de-Post-de-instagram-de-live-invitado-especial-gradiente-morado-7.png-1024x1024.png\" alt=\"\" class=\"wp-image-143 size-full\" srcset=\"https:\/\/espirituboomer.es\/wp-content\/uploads\/2025\/03\/Copia-de-Post-de-instagram-de-live-invitado-especial-gradiente-morado-7.png-1024x1024.png 1024w, https:\/\/espirituboomer.es\/wp-content\/uploads\/2025\/03\/Copia-de-Post-de-instagram-de-live-invitado-especial-gradiente-morado-7.png-300x300.png 300w, https:\/\/espirituboomer.es\/wp-content\/uploads\/2025\/03\/Copia-de-Post-de-instagram-de-live-invitado-especial-gradiente-morado-7.png-150x150.png 150w, https:\/\/espirituboomer.es\/wp-content\/uploads\/2025\/03\/Copia-de-Post-de-instagram-de-live-invitado-especial-gradiente-morado-7.png-768x768.png 768w, https:\/\/espirituboomer.es\/wp-content\/uploads\/2025\/03\/Copia-de-Post-de-instagram-de-live-invitado-especial-gradiente-morado-7.png.png 1080w\" sizes=\"auto, (max-width: 1024px) 100vw, 1024px\" \/><\/figure><div class=\"wp-block-media-text__content\">\n<p><strong>Ra\u00fal Orellana<\/strong><\/p>\n\n\n\n<p><strong>Secci\u00f3n:<\/strong> M\u00fasica Boomer \ud83c\udfb6<\/p>\n<\/div><\/div>\n\n\n\n<div class=\"wp-block-media-text is-stacked-on-mobile\" style=\"grid-template-columns:40% auto\"><figure class=\"wp-block-media-text__media\"><img loading=\"lazy\" decoding=\"async\" width=\"1024\" height=\"1024\" src=\"https:\/\/espirituboomer.es\/wp-content\/uploads\/2025\/03\/Copia-de-Post-de-instagram-de-live-invitado-especial-gradiente-morado-9.png-1024x1024.png\" alt=\"\" class=\"wp-image-145 size-full\" srcset=\"https:\/\/espirituboomer.es\/wp-content\/uploads\/2025\/03\/Copia-de-Post-de-instagram-de-live-invitado-especial-gradiente-morado-9.png-1024x1024.png 1024w, https:\/\/espirituboomer.es\/wp-content\/uploads\/2025\/03\/Copia-de-Post-de-instagram-de-live-invitado-especial-gradiente-morado-9.png-300x300.png 300w, https:\/\/espirituboomer.es\/wp-content\/uploads\/2025\/03\/Copia-de-Post-de-instagram-de-live-invitado-especial-gradiente-morado-9.png-150x150.png 150w, https:\/\/espirituboomer.es\/wp-content\/uploads\/2025\/03\/Copia-de-Post-de-instagram-de-live-invitado-especial-gradiente-morado-9.png-768x768.png 768w, https:\/\/espirituboomer.es\/wp-content\/uploads\/2025\/03\/Copia-de-Post-de-instagram-de-live-invitado-especial-gradiente-morado-9.png.png 1080w\" sizes=\"auto, (max-width: 1024px) 100vw, 1024px\" \/><\/figure><div class=\"wp-block-media-text__content\">\n<p><strong>Victor Amela<\/strong><\/p>\n\n\n\n<p><strong>Secci\u00f3n:<\/strong> La Televisi\u00f3n \ud83d\udcfa<\/p>\n<\/div><\/div>\n\n\n\n<div class=\"wp-block-media-text is-stacked-on-mobile\" style=\"grid-template-columns:40% auto\"><figure class=\"wp-block-media-text__media\"><img loading=\"lazy\" decoding=\"async\" width=\"1024\" height=\"1024\" src=\"https:\/\/espirituboomer.es\/wp-content\/uploads\/2025\/03\/Copia-de-Post-de-instagram-de-live-invitado-especial-gradiente-morado-6.png-1024x1024.png\" alt=\"\" class=\"wp-image-146 size-full\" srcset=\"https:\/\/espirituboomer.es\/wp-content\/uploads\/2025\/03\/Copia-de-Post-de-instagram-de-live-invitado-especial-gradiente-morado-6.png-1024x1024.png 1024w, https:\/\/espirituboomer.es\/wp-content\/uploads\/2025\/03\/Copia-de-Post-de-instagram-de-live-invitado-especial-gradiente-morado-6.png-300x300.png 300w, https:\/\/espirituboomer.es\/wp-content\/uploads\/2025\/03\/Copia-de-Post-de-instagram-de-live-invitado-especial-gradiente-morado-6.png-150x150.png 150w, https:\/\/espirituboomer.es\/wp-content\/uploads\/2025\/03\/Copia-de-Post-de-instagram-de-live-invitado-especial-gradiente-morado-6.png-768x768.png 768w, https:\/\/espirituboomer.es\/wp-content\/uploads\/2025\/03\/Copia-de-Post-de-instagram-de-live-invitado-especial-gradiente-morado-6.png.png 1080w\" sizes=\"auto, (max-width: 1024px) 100vw, 1024px\" \/><\/figure><div class=\"wp-block-media-text__content\">\n<p><strong>Eduardo de Vicente<\/strong><\/p>\n\n\n\n<p><strong>Secci\u00f3n:<\/strong> Cine y Series \ud83c\udfac<\/p>\n<\/div><\/div>\n\n\n\n<div class=\"wp-block-media-text is-stacked-on-mobile\" style=\"grid-template-columns:40% auto\"><figure class=\"wp-block-media-text__media\"><img loading=\"lazy\" decoding=\"async\" width=\"1024\" height=\"1024\" src=\"https:\/\/espirituboomer.es\/wp-content\/uploads\/2025\/03\/Copia-de-Post-de-instagram-de-live-invitado-especial-gradiente-morado-15.png-1024x1024.png\" alt=\"\" class=\"wp-image-154 size-full\" srcset=\"https:\/\/espirituboomer.es\/wp-content\/uploads\/2025\/03\/Copia-de-Post-de-instagram-de-live-invitado-especial-gradiente-morado-15.png-1024x1024.png 1024w, https:\/\/espirituboomer.es\/wp-content\/uploads\/2025\/03\/Copia-de-Post-de-instagram-de-live-invitado-especial-gradiente-morado-15.png-300x300.png 300w, https:\/\/espirituboomer.es\/wp-content\/uploads\/2025\/03\/Copia-de-Post-de-instagram-de-live-invitado-especial-gradiente-morado-15.png-150x150.png 150w, https:\/\/espirituboomer.es\/wp-content\/uploads\/2025\/03\/Copia-de-Post-de-instagram-de-live-invitado-especial-gradiente-morado-15.png-768x768.png 768w, https:\/\/espirituboomer.es\/wp-content\/uploads\/2025\/03\/Copia-de-Post-de-instagram-de-live-invitado-especial-gradiente-morado-15.png.png 1080w\" sizes=\"auto, (max-width: 1024px) 100vw, 1024px\" \/><\/figure><div class=\"wp-block-media-text__content\">\n<p><strong>Dra.Beatriz Beltr\u00e1n<\/strong><\/p>\n\n\n\n<p><strong>Secci\u00f3n:<\/strong> Belleza sin Cirug\u00eda \ud83d\udc69\u200d\u2695\ufe0f<\/p>\n<\/div><\/div>\n\n\n\n<div class=\"wp-block-media-text is-stacked-on-mobile\" style=\"grid-template-columns:40% auto\"><figure class=\"wp-block-media-text__media\"><img loading=\"lazy\" decoding=\"async\" width=\"1024\" height=\"1024\" src=\"https:\/\/espirituboomer.es\/wp-content\/uploads\/2025\/03\/Copia-de-Post-de-instagram-de-live-invitado-especial-gradiente-morado-8.png-1024x1024.png\" alt=\"\" class=\"wp-image-147 size-full\" srcset=\"https:\/\/espirituboomer.es\/wp-content\/uploads\/2025\/03\/Copia-de-Post-de-instagram-de-live-invitado-especial-gradiente-morado-8.png-1024x1024.png 1024w, https:\/\/espirituboomer.es\/wp-content\/uploads\/2025\/03\/Copia-de-Post-de-instagram-de-live-invitado-especial-gradiente-morado-8.png-300x300.png 300w, https:\/\/espirituboomer.es\/wp-content\/uploads\/2025\/03\/Copia-de-Post-de-instagram-de-live-invitado-especial-gradiente-morado-8.png-150x150.png 150w, https:\/\/espirituboomer.es\/wp-content\/uploads\/2025\/03\/Copia-de-Post-de-instagram-de-live-invitado-especial-gradiente-morado-8.png-768x768.png 768w, https:\/\/espirituboomer.es\/wp-content\/uploads\/2025\/03\/Copia-de-Post-de-instagram-de-live-invitado-especial-gradiente-morado-8.png.png 1080w\" sizes=\"auto, (max-width: 1024px) 100vw, 1024px\" \/><\/figure><div class=\"wp-block-media-text__content\">\n<p><strong>Gonzalo de Martorell<\/strong><\/p>\n\n\n\n<p>Secci\u00f3n: Motor y Tertulias \ud83d\uddef\ufe0f<\/p>\n<\/div><\/div>\n\n\n\n<div class=\"wp-block-media-text is-stacked-on-mobile\" style=\"grid-template-columns:40% auto\"><figure class=\"wp-block-media-text__media\"><img loading=\"lazy\" decoding=\"async\" width=\"1024\" height=\"1024\" src=\"https:\/\/espirituboomer.es\/wp-content\/uploads\/2025\/03\/Copia-de-Post-de-instagram-de-live-invitado-especial-gradiente-morado-17.png-1024x1024.png\" alt=\"\" class=\"wp-image-164 size-full\" srcset=\"https:\/\/espirituboomer.es\/wp-content\/uploads\/2025\/03\/Copia-de-Post-de-instagram-de-live-invitado-especial-gradiente-morado-17.png-1024x1024.png 1024w, https:\/\/espirituboomer.es\/wp-content\/uploads\/2025\/03\/Copia-de-Post-de-instagram-de-live-invitado-especial-gradiente-morado-17.png-300x300.png 300w, https:\/\/espirituboomer.es\/wp-content\/uploads\/2025\/03\/Copia-de-Post-de-instagram-de-live-invitado-especial-gradiente-morado-17.png-150x150.png 150w, https:\/\/espirituboomer.es\/wp-content\/uploads\/2025\/03\/Copia-de-Post-de-instagram-de-live-invitado-especial-gradiente-morado-17.png-768x768.png 768w, https:\/\/espirituboomer.es\/wp-content\/uploads\/2025\/03\/Copia-de-Post-de-instagram-de-live-invitado-especial-gradiente-morado-17.png.png 1080w\" sizes=\"auto, (max-width: 1024px) 100vw, 1024px\" \/><\/figure><div class=\"wp-block-media-text__content\">\n<p><strong>Gemma Torell\u00f3<\/strong><\/p>\n\n\n\n<p>Secci\u00f3n: Garnoxeando \ud83c\udf77<\/p>\n<\/div><\/div>\n\n\n\n<div class=\"wp-block-media-text is-stacked-on-mobile\" style=\"grid-template-columns:40% auto\"><figure class=\"wp-block-media-text__media\"><img loading=\"lazy\" decoding=\"async\" width=\"1024\" height=\"1024\" src=\"https:\/\/espirituboomer.es\/wp-content\/uploads\/2025\/03\/Copia-de-Post-de-instagram-de-live-invitado-especial-gradiente-morado.png-1024x1024.png\" alt=\"\" class=\"wp-image-152 size-full\" srcset=\"https:\/\/espirituboomer.es\/wp-content\/uploads\/2025\/03\/Copia-de-Post-de-instagram-de-live-invitado-especial-gradiente-morado.png-1024x1024.png 1024w, https:\/\/espirituboomer.es\/wp-content\/uploads\/2025\/03\/Copia-de-Post-de-instagram-de-live-invitado-especial-gradiente-morado.png-300x300.png 300w, https:\/\/espirituboomer.es\/wp-content\/uploads\/2025\/03\/Copia-de-Post-de-instagram-de-live-invitado-especial-gradiente-morado.png-150x150.png 150w, https:\/\/espirituboomer.es\/wp-content\/uploads\/2025\/03\/Copia-de-Post-de-instagram-de-live-invitado-especial-gradiente-morado.png-768x768.png 768w, https:\/\/espirituboomer.es\/wp-content\/uploads\/2025\/03\/Copia-de-Post-de-instagram-de-live-invitado-especial-gradiente-morado.png.png 1080w\" sizes=\"auto, (max-width: 1024px) 100vw, 1024px\" \/><\/figure><div class=\"wp-block-media-text__content\">\n<p><strong>Alfred L\u00f3pez<\/strong><\/p>\n\n\n\n<p>Secci\u00f3n: El Listo que todo lo sabe \ud83e\udd13<\/p>\n<\/div><\/div>\n\n\n\n<div class=\"wp-block-media-text is-stacked-on-mobile\" style=\"grid-template-columns:40% auto\"><figure class=\"wp-block-media-text__media\"><img loading=\"lazy\" decoding=\"async\" width=\"1024\" height=\"1024\" src=\"https:\/\/espirituboomer.es\/wp-content\/uploads\/2025\/03\/Copia-de-Post-de-instagram-de-live-invitado-especial-gradiente-morado-10.png-1024x1024.png\" alt=\"\" class=\"wp-image-148 size-full\" srcset=\"https:\/\/espirituboomer.es\/wp-content\/uploads\/2025\/03\/Copia-de-Post-de-instagram-de-live-invitado-especial-gradiente-morado-10.png-1024x1024.png 1024w, https:\/\/espirituboomer.es\/wp-content\/uploads\/2025\/03\/Copia-de-Post-de-instagram-de-live-invitado-especial-gradiente-morado-10.png-300x300.png 300w, https:\/\/espirituboomer.es\/wp-content\/uploads\/2025\/03\/Copia-de-Post-de-instagram-de-live-invitado-especial-gradiente-morado-10.png-150x150.png 150w, https:\/\/espirituboomer.es\/wp-content\/uploads\/2025\/03\/Copia-de-Post-de-instagram-de-live-invitado-especial-gradiente-morado-10.png-768x768.png 768w, https:\/\/espirituboomer.es\/wp-content\/uploads\/2025\/03\/Copia-de-Post-de-instagram-de-live-invitado-especial-gradiente-morado-10.png.png 1080w\" sizes=\"auto, (max-width: 1024px) 100vw, 1024px\" \/><\/figure><div class=\"wp-block-media-text__content\">\n<p><strong>Ram\u00f3n Mas <\/strong><\/p>\n\n\n\n<p>Secci\u00f3n: Ocio Nocturno y T\u00e1rdenos \ud83d\udd7a\ud83c\udffc<\/p>\n<\/div><\/div>\n<\/div>\n","protected":false},"excerpt":{"rendered":"<p>Ramon Vall\u00e8s Secci\u00f3n: Comandante de altos Vuelos \u2708\ufe0f Quique Mac\u00edas Secci\u00f3n: Cualquier tiempo pasado NO fue mejor \ud83d\udcc6 Sonia Cervantes Secci\u00f3n: Psicolog\u00eda \ud83e\udde0 Javier Trait\u00e9 Secci\u00f3n: Historiador \ud83d\udcda Ra\u00fal Orellana Secci\u00f3n: M\u00fasica Boomer \ud83c\udfb6 Victor Amela Secci\u00f3n: La Televisi\u00f3n \ud83d\udcfa Eduardo de Vicente Secci\u00f3n: Cine y Series \ud83c\udfac Dra.Beatriz Beltr\u00e1n Secci\u00f3n: Belleza sin Cirug\u00eda \ud83d\udc69\u200d\u2695\ufe0f [&hellip;]<\/p>\n","protected":false},"author":1,"featured_media":0,"parent":0,"menu_order":0,"comment_status":"closed","ping_status":"closed","template":"","meta":{"footnotes":""},"class_list":["post-122","page","type-page","status-publish","hentry"],"_links":{"self":[{"href":"https:\/\/espirituboomer.es\/index.php?rest_route=\/wp\/v2\/pages\/122","targetHints":{"allow":["GET"]}}],"collection":[{"href":"https:\/\/espirituboomer.es\/index.php?rest_route=\/wp\/v2\/pages"}],"about":[{"href":"https:\/\/espirituboomer.es\/index.php?rest_route=\/wp\/v2\/types\/page"}],"author":[{"embeddable":true,"href":"https:\/\/espirituboomer.es\/index.php?rest_route=\/wp\/v2\/users\/1"}],"replies":[{"embeddable":true,"href":"https:\/\/espirituboomer.es\/index.php?rest_route=%2Fwp%2Fv2%2Fcomments&post=122"}],"version-history":[{"count":11,"href":"https:\/\/espirituboomer.es\/index.php?rest_route=\/wp\/v2\/pages\/122\/revisions"}],"predecessor-version":[{"id":165,"href":"https:\/\/espirituboomer.es\/index.php?rest_route=\/wp\/v2\/pages\/122\/revisions\/165"}],"wp:attachment":[{"href":"https:\/\/espirituboomer.es\/index.php?rest_route=%2Fwp%2Fv2%2Fmedia&parent=122"}],"curies":[{"name":"wp","href":"https:\/\/api.w.org\/{rel}","templated":true}]}}